{"id":190,"date":"2020-11-16T18:08:20","date_gmt":"2020-11-16T18:08:20","guid":{"rendered":"http:\/\/webredox.net\/demo\/wp\/umaya\/?page_id=190"},"modified":"2026-04-07T22:03:23","modified_gmt":"2026-04-07T20:03:23","slug":"accueil","status":"publish","type":"page","link":"https:\/\/nuitnoirestudio.com\/","title":{"rendered":"Accueil"},"content":{"rendered":"<section class=\"wpb-content-wrapper\">[vc_row css_id=&#8221;apropos&#8221;][vc_column css=&#8221;.vc_custom_1693336145387{margin-bottom: 20px !important;}&#8221;][vc_row_inner][vc_column_inner width=&#8221;4\/12&#8243;][wr_vc_titles2 text_align=&#8221;text-left&#8221; title_style=&#8221;headline-s&#8221;][wr_vc_title2 title=&#8221;A propos&#8221; title_color=&#8221;text-color-red&#8221;][\/wr_vc_titles2][\/vc_column_inner][vc_column_inner width=&#8221;2\/3&#8243;]<div  class=\"body-text-s text-color-0 text-left pull-left anim-text-reveal tr-delay-00 js-scrollanim\" >Nuit Noire Studio est un bureau d\u2019\u00e9tudes ind\u00e9pendant sp\u00e9cialis\u00e9 en ing\u00e9nierie et conception lumi\u00e8re, bas\u00e9 \u00e0 Lyon.<\/p>\n<p>&nbsp;<\/p>\n<p>Nous intervenons aux c\u00f4t\u00e9s de nos clients et ma\u00eetres d\u2019ouvrage publics et priv\u00e9s pour concevoir des ambiances lumineuses coh\u00e9rentes, durables et adapt\u00e9es aux usages, dans les domaines de l\u2019\u00e9clairage architectural, urbain et des infrastructures de mobilit\u00e9.<\/p>\n<p>&nbsp;<\/p>\n<p>Notre approche conjugue rigueur technique et sensibilit\u00e9 artistique : de l\u2019\u00e9tude photom\u00e9trique \u00e0 la r\u00e9ception des travaux, nous assurons une ma\u00eetrise d\u2019\u0153uvre compl\u00e8te, guid\u00e9e par une exigence d\u2019\u00e9clairage raisonn\u00e9 \u2014 sobre, respectueux de l\u2019environnement nocturne et attentif aux besoins des usagers.<\/p>\n<p>&nbsp;<\/p>\n<p>Chaque projet met la lumi\u00e8re au service de l\u2019espace, sans exc\u00e8s, dans une approche ma\u00eetris\u00e9e, en coh\u00e9rence avec les usages.<\/div>[\/vc_column_inner][\/vc_row_inner][\/vc_column][\/vc_row][vc_row css_id=&#8221;missions&#8221; enable_container=&#8221;st3&#8243; section_back_opt=&#8221;section-bg-black&#8221; sec_text_color_opt=&#8221;text-color-white&#8221;][vc_column][wr_vc_titles title_style=&#8221;headline-m&#8221; title_color=&#8221;text-color-white&#8221;][wr_vc_title title=&#8221;Nos `{`span`}`missions`{`\/span`}`&#8221; animation_delay=&#8221;00&#8243;][\/wr_vc_titles][\/vc_column][\/vc_row][vc_row css_class=&#8221;section-missions-premium&#8221; section_back_opt=&#8221;section-bg-black&#8221; sec_text_color_opt=&#8221;text-color-white&#8221; row_padding_top=&#8221;padding-top-60&#8243; row_padding_bottom=&#8221;padding-bottom-90&#8243;][vc_column width=&#8221;5\/12&#8243; el_class=&#8221;missions-image-col&#8221;]<img decoding=\"async\" src=\"https:\/\/nuitnoirestudio.com\/wp-content\/uploads\/2026\/04\/Rendu-nocturne-lumiere-dune-esquisse-paysagere-pour-un-projet-damenagement-despace-public.jpg\" alt=\"conception-lumiere-esquisse-paysagere-espace-public-nocturne.jpg\">[\/vc_column][vc_column width=&#8221;7\/12&#8243; el_id=&#8221;services&#8221; el_class=&#8221;missions-text-col&#8221;]<div  class=\"body-text-s text-color-0 text-left pull-left anim-text-reveal tr-delay- js-scrollanim\" >Nous intervenons sur des projets d\u2019\u00e9clairage architectural, urbain et d\u2019infrastructures de mobilit\u00e9, ainsi que sur l\u2019\u00e9clairage des b\u00e2timents tertiaires et industriels et la mise en valeur du patrimoine b\u00e2ti. Nous r\u00e9alisons \u00e9galement des projets de sc\u00e9nographie lumi\u00e8re pour des expositions et des mus\u00e9es.<\/p>\n<p>&nbsp;<\/p>\n<p>Nous accompagnons les ma\u00eetres d\u2019ouvrage publics et priv\u00e9s sur des projets en France et \u00e0 l\u2019international, \u00e0 diff\u00e9rentes \u00e9chelles, de la premi\u00e8re esquisse \u00e0 la r\u00e9ception des travaux, en assurant une continuit\u00e9 de conception et de<span style=\"white-space: nowrap;\"> suivi.<\/span><\/p>\n<p>&nbsp;<\/p>\n<p class=\"font-claude-response-body break-words whitespace-normal leading-[1.7]\"><strong>Conseil et accompagnement<br \/>\n<\/strong>Nous d\u00e9finissons le parti pris lumineux du projet, accompagnons la programmation et intervenons en phase concours, en lien \u00e9troit avec les \u00e9quipes de ma\u00eetrise d\u2019\u0153uvre.<\/p>\n<p>&nbsp;<\/p>\n<p class=\"font-claude-response-body break-words whitespace-normal leading-[1.7]\"><strong>Diagnostic \u00e9clairage<br \/>\n<\/strong>Nous analysons les installations existantes, r\u00e9alisons un diagnostic technique et qualitatif et formulons des pr\u00e9conisations adapt\u00e9es, accompagn\u00e9es d\u2019estimations budg\u00e9taires.<\/p>\n<p>&nbsp;<\/p>\n<p class=\"font-claude-response-body break-words whitespace-normal leading-[1.7]\"><strong>Conception lumi\u00e8re<br \/>\n<\/strong>Nous d\u00e9veloppons les principes d\u2019\u00e9clairage du projet \u00e0 travers des \u00e9tudes photom\u00e9triques, des notes d\u2019intention, des planches de r\u00e9f\u00e9rences et des rendus nocturnes.<\/p>\n<p>&nbsp;<\/p>\n<p class=\"font-claude-response-body break-words whitespace-normal leading-[1.7]\"><strong>Ma\u00eetrise d&#8217;\u0153uvre lumi\u00e8re<br \/>\n<\/strong>Nous assurons le pilotage de la mission \u00e9clairage, des \u00e9tudes pr\u00e9liminaires (DIAG, AVP, PRO) au suivi de chantier (VISA, DET, AOR), en coordination avec l\u2019ensemble des intervenants.<\/p>\n<\/div>[wr_vc_button button_style=&#8221;st3&#8243; button_text=&#8221;Contactez-nous&#8221; button_url=&#8221;#&#8221; animation_delay=&#8221;02&#8243; button_target=&#8221;_blank&#8221;][\/vc_column][\/vc_row]\n<\/section>","protected":false},"excerpt":{"rendered":"<p>[vc_row css_id=&#8221;apropos&#8221;][vc_column css=&#8221;.vc_custom_1693336145387{margin-bottom: 20px !important;}&#8221;][vc_row_inner][vc_column_inner width=&#8221;4\/12&#8243;][wr_vc_titles2 text_align=&#8221;text-left&#8221; title_style=&#8221;headline-s&#8221;][wr_vc_title2 title=&#8221;A propos&#8221; title_color=&#8221;text-color-red&#8221;][\/wr_vc_titles2][\/vc_column_inner][vc_column_inner width=&#8221;2\/3&#8243;][\/vc_column_inner][\/vc_row_inner][\/vc_column][\/vc_row][vc_row css_id=&#8221;missions&#8221; enable_container=&#8221;st3&#8243; section_back_opt=&#8221;section-bg-black&#8221; sec_text_color_opt=&#8221;text-color-white&#8221;][vc_column][wr_vc_titles title_style=&#8221;headline-m&#8221; title_color=&#8221;text-color-white&#8221;][wr_vc_title title=&#8221;Nos `{`span`}`missions`{`\/span`}`&#8221; animation_delay=&#8221;00&#8243;][\/wr_vc_titles][\/vc_column][\/vc_row][vc_row css_class=&#8221;section-missions-premium&#8221;&#8230;<\/p>\n","protected":false},"author":1,"featured_media":1404,"parent":0,"menu_order":0,"comment_status":"closed","ping_status":"closed","template":"","meta":{"footnotes":""},"class_list":["post-190","page","type-page","status-publish","has-post-thumbnail","hentry"],"yoast_head":"<!-- This site is optimized with the Yoast SEO plugin v27.3 - https:\/\/yoast.com\/product\/yoast-seo-wordpress\/ -->\n<title>Accueil - Nuit Noire Studio<\/title>\n<meta name=\"description\" content=\"Nuit Noire Studio - bureau d&#039;\u00e9tudes sp\u00e9cialis\u00e9 en ing\u00e9nierie de l&#039;\u00e9clairage et conception lumi\u00e8re.\" \/>\n<meta name=\"robots\" content=\"index, follow, max-snippet:-1, max-image-preview:large, max-video-preview:-1\" \/>\n<link rel=\"canonical\" href=\"https:\/\/nuitnoirestudio.com\/\" \/>\n<meta property=\"og:locale\" content=\"fr_FR\" \/>\n<meta property=\"og:type\" content=\"article\" \/>\n<meta property=\"og:title\" content=\"Accueil - Nuit Noire Studio\" \/>\n<meta property=\"og:description\" content=\"Nuit Noire Studio - bureau d&#039;\u00e9tudes sp\u00e9cialis\u00e9 en ing\u00e9nierie de l&#039;\u00e9clairage et conception lumi\u00e8re.\" \/>\n<meta property=\"og:url\" content=\"https:\/\/nuitnoirestudio.com\/\" \/>\n<meta property=\"og:site_name\" content=\"Nuit Noire Studio\" \/>\n<meta property=\"article:modified_time\" content=\"2026-04-07T20:03:23+00:00\" \/>\n<meta name=\"twitter:card\" content=\"summary_large_image\" \/>\n<meta name=\"twitter:image\" content=\"https:\/\/nuitnoirestudio.com\/wp-content\/uploads\/2023\/07\/image-feuille-clair-obscur-1920-1280.jpg\" \/>\n<meta name=\"twitter:label1\" content=\"Dur\u00e9e de lecture estim\u00e9e\" \/>\n\t<meta name=\"twitter:data1\" content=\"3 minutes\" \/>\n<script type=\"application\/ld+json\" class=\"yoast-schema-graph\">{\"@context\":\"https:\\\/\\\/schema.org\",\"@graph\":[{\"@type\":\"WebPage\",\"@id\":\"https:\\\/\\\/nuitnoirestudio.com\\\/\",\"url\":\"https:\\\/\\\/nuitnoirestudio.com\\\/\",\"name\":\"Accueil - Nuit Noire Studio\",\"isPartOf\":{\"@id\":\"https:\\\/\\\/nuitnoirestudio.com\\\/#website\"},\"primaryImageOfPage\":{\"@id\":\"https:\\\/\\\/nuitnoirestudio.com\\\/#primaryimage\"},\"image\":{\"@id\":\"https:\\\/\\\/nuitnoirestudio.com\\\/#primaryimage\"},\"thumbnailUrl\":\"https:\\\/\\\/nuitnoirestudio.com\\\/wp-content\\\/uploads\\\/2023\\\/07\\\/image-feuille-clair-obscur-1920-1280.jpg\",\"datePublished\":\"2020-11-16T18:08:20+00:00\",\"dateModified\":\"2026-04-07T20:03:23+00:00\",\"description\":\"Nuit Noire Studio - bureau d'\u00e9tudes sp\u00e9cialis\u00e9 en ing\u00e9nierie de l'\u00e9clairage et conception lumi\u00e8re.\",\"breadcrumb\":{\"@id\":\"https:\\\/\\\/nuitnoirestudio.com\\\/#breadcrumb\"},\"inLanguage\":\"fr-FR\",\"potentialAction\":[{\"@type\":\"ReadAction\",\"target\":[\"https:\\\/\\\/nuitnoirestudio.com\\\/\"]}]},{\"@type\":\"ImageObject\",\"inLanguage\":\"fr-FR\",\"@id\":\"https:\\\/\\\/nuitnoirestudio.com\\\/#primaryimage\",\"url\":\"https:\\\/\\\/nuitnoirestudio.com\\\/wp-content\\\/uploads\\\/2023\\\/07\\\/image-feuille-clair-obscur-1920-1280.jpg\",\"contentUrl\":\"https:\\\/\\\/nuitnoirestudio.com\\\/wp-content\\\/uploads\\\/2023\\\/07\\\/image-feuille-clair-obscur-1920-1280.jpg\",\"width\":1920,\"height\":1280,\"caption\":\"Photo en clair-obscur d'une feuille\"},{\"@type\":\"BreadcrumbList\",\"@id\":\"https:\\\/\\\/nuitnoirestudio.com\\\/#breadcrumb\",\"itemListElement\":[{\"@type\":\"ListItem\",\"position\":1,\"name\":\"Accueil\",\"item\":\"https:\\\/\\\/nuitnoirestudio.com\\\/\"},{\"@type\":\"ListItem\",\"position\":2,\"name\":\"Accueil\"}]},{\"@type\":\"WebSite\",\"@id\":\"https:\\\/\\\/nuitnoirestudio.com\\\/#website\",\"url\":\"https:\\\/\\\/nuitnoirestudio.com\\\/\",\"name\":\"Nuit Noire Studio\",\"description\":\"\",\"publisher\":{\"@id\":\"https:\\\/\\\/nuitnoirestudio.com\\\/#organization\"},\"potentialAction\":[{\"@type\":\"SearchAction\",\"target\":{\"@type\":\"EntryPoint\",\"urlTemplate\":\"https:\\\/\\\/nuitnoirestudio.com\\\/?s={search_term_string}\"},\"query-input\":{\"@type\":\"PropertyValueSpecification\",\"valueRequired\":true,\"valueName\":\"search_term_string\"}}],\"inLanguage\":\"fr-FR\"},{\"@type\":\"Organization\",\"@id\":\"https:\\\/\\\/nuitnoirestudio.com\\\/#organization\",\"name\":\"Nuit Noire Studio\",\"url\":\"https:\\\/\\\/nuitnoirestudio.com\\\/\",\"logo\":{\"@type\":\"ImageObject\",\"inLanguage\":\"fr-FR\",\"@id\":\"https:\\\/\\\/nuitnoirestudio.com\\\/#\\\/schema\\\/logo\\\/image\\\/\",\"url\":\"https:\\\/\\\/nuitnoirestudio.com\\\/wp-content\\\/uploads\\\/2023\\\/07\\\/Nuit-Noire-Studio-logo-cercle-150pp-741px-1.png\",\"contentUrl\":\"https:\\\/\\\/nuitnoirestudio.com\\\/wp-content\\\/uploads\\\/2023\\\/07\\\/Nuit-Noire-Studio-logo-cercle-150pp-741px-1.png\",\"width\":741,\"height\":741,\"caption\":\"Nuit Noire Studio\"},\"image\":{\"@id\":\"https:\\\/\\\/nuitnoirestudio.com\\\/#\\\/schema\\\/logo\\\/image\\\/\"},\"sameAs\":[\"https:\\\/\\\/www.instagram.com\\\/nuit_noire_studio\\\/\"]}]}<\/script>\n<!-- \/ Yoast SEO plugin. -->","yoast_head_json":{"title":"Accueil - Nuit Noire Studio","description":"Nuit Noire Studio - bureau d'\u00e9tudes sp\u00e9cialis\u00e9 en ing\u00e9nierie de l'\u00e9clairage et conception lumi\u00e8re.","robots":{"index":"index","follow":"follow","max-snippet":"max-snippet:-1","max-image-preview":"max-image-preview:large","max-video-preview":"max-video-preview:-1"},"canonical":"https:\/\/nuitnoirestudio.com\/","og_locale":"fr_FR","og_type":"article","og_title":"Accueil - Nuit Noire Studio","og_description":"Nuit Noire Studio - bureau d'\u00e9tudes sp\u00e9cialis\u00e9 en ing\u00e9nierie de l'\u00e9clairage et conception lumi\u00e8re.","og_url":"https:\/\/nuitnoirestudio.com\/","og_site_name":"Nuit Noire Studio","article_modified_time":"2026-04-07T20:03:23+00:00","twitter_card":"summary_large_image","twitter_image":"https:\/\/nuitnoirestudio.com\/wp-content\/uploads\/2023\/07\/image-feuille-clair-obscur-1920-1280.jpg","twitter_misc":{"Dur\u00e9e de lecture estim\u00e9e":"3 minutes"},"schema":{"@context":"https:\/\/schema.org","@graph":[{"@type":"WebPage","@id":"https:\/\/nuitnoirestudio.com\/","url":"https:\/\/nuitnoirestudio.com\/","name":"Accueil - Nuit Noire Studio","isPartOf":{"@id":"https:\/\/nuitnoirestudio.com\/#website"},"primaryImageOfPage":{"@id":"https:\/\/nuitnoirestudio.com\/#primaryimage"},"image":{"@id":"https:\/\/nuitnoirestudio.com\/#primaryimage"},"thumbnailUrl":"https:\/\/nuitnoirestudio.com\/wp-content\/uploads\/2023\/07\/image-feuille-clair-obscur-1920-1280.jpg","datePublished":"2020-11-16T18:08:20+00:00","dateModified":"2026-04-07T20:03:23+00:00","description":"Nuit Noire Studio - bureau d'\u00e9tudes sp\u00e9cialis\u00e9 en ing\u00e9nierie de l'\u00e9clairage et conception lumi\u00e8re.","breadcrumb":{"@id":"https:\/\/nuitnoirestudio.com\/#breadcrumb"},"inLanguage":"fr-FR","potentialAction":[{"@type":"ReadAction","target":["https:\/\/nuitnoirestudio.com\/"]}]},{"@type":"ImageObject","inLanguage":"fr-FR","@id":"https:\/\/nuitnoirestudio.com\/#primaryimage","url":"https:\/\/nuitnoirestudio.com\/wp-content\/uploads\/2023\/07\/image-feuille-clair-obscur-1920-1280.jpg","contentUrl":"https:\/\/nuitnoirestudio.com\/wp-content\/uploads\/2023\/07\/image-feuille-clair-obscur-1920-1280.jpg","width":1920,"height":1280,"caption":"Photo en clair-obscur d'une feuille"},{"@type":"BreadcrumbList","@id":"https:\/\/nuitnoirestudio.com\/#breadcrumb","itemListElement":[{"@type":"ListItem","position":1,"name":"Accueil","item":"https:\/\/nuitnoirestudio.com\/"},{"@type":"ListItem","position":2,"name":"Accueil"}]},{"@type":"WebSite","@id":"https:\/\/nuitnoirestudio.com\/#website","url":"https:\/\/nuitnoirestudio.com\/","name":"Nuit Noire Studio","description":"","publisher":{"@id":"https:\/\/nuitnoirestudio.com\/#organization"},"potentialAction":[{"@type":"SearchAction","target":{"@type":"EntryPoint","urlTemplate":"https:\/\/nuitnoirestudio.com\/?s={search_term_string}"},"query-input":{"@type":"PropertyValueSpecification","valueRequired":true,"valueName":"search_term_string"}}],"inLanguage":"fr-FR"},{"@type":"Organization","@id":"https:\/\/nuitnoirestudio.com\/#organization","name":"Nuit Noire Studio","url":"https:\/\/nuitnoirestudio.com\/","logo":{"@type":"ImageObject","inLanguage":"fr-FR","@id":"https:\/\/nuitnoirestudio.com\/#\/schema\/logo\/image\/","url":"https:\/\/nuitnoirestudio.com\/wp-content\/uploads\/2023\/07\/Nuit-Noire-Studio-logo-cercle-150pp-741px-1.png","contentUrl":"https:\/\/nuitnoirestudio.com\/wp-content\/uploads\/2023\/07\/Nuit-Noire-Studio-logo-cercle-150pp-741px-1.png","width":741,"height":741,"caption":"Nuit Noire Studio"},"image":{"@id":"https:\/\/nuitnoirestudio.com\/#\/schema\/logo\/image\/"},"sameAs":["https:\/\/www.instagram.com\/nuit_noire_studio\/"]}]}},"_links":{"self":[{"href":"https:\/\/nuitnoirestudio.com\/index.php\/wp-json\/wp\/v2\/pages\/190","targetHints":{"allow":["GET"]}}],"collection":[{"href":"https:\/\/nuitnoirestudio.com\/index.php\/wp-json\/wp\/v2\/pages"}],"about":[{"href":"https:\/\/nuitnoirestudio.com\/index.php\/wp-json\/wp\/v2\/types\/page"}],"author":[{"embeddable":true,"href":"https:\/\/nuitnoirestudio.com\/index.php\/wp-json\/wp\/v2\/users\/1"}],"replies":[{"embeddable":true,"href":"https:\/\/nuitnoirestudio.com\/index.php\/wp-json\/wp\/v2\/comments?post=190"}],"version-history":[{"count":269,"href":"https:\/\/nuitnoirestudio.com\/index.php\/wp-json\/wp\/v2\/pages\/190\/revisions"}],"predecessor-version":[{"id":1748,"href":"https:\/\/nuitnoirestudio.com\/index.php\/wp-json\/wp\/v2\/pages\/190\/revisions\/1748"}],"wp:featuredmedia":[{"embeddable":true,"href":"https:\/\/nuitnoirestudio.com\/index.php\/wp-json\/wp\/v2\/media\/1404"}],"wp:attachment":[{"href":"https:\/\/nuitnoirestudio.com\/index.php\/wp-json\/wp\/v2\/media?parent=190"}],"curies":[{"name":"wp","href":"https:\/\/api.w.org\/{rel}","templated":true}]}}