{"id":1612,"date":"2026-04-07T13:00:05","date_gmt":"2026-04-07T11:00:05","guid":{"rendered":"https:\/\/nuitnoirestudio.com\/?page_id=1612"},"modified":"2026-04-07T13:01:07","modified_gmt":"2026-04-07T11:01:07","slug":"accueil-2","status":"publish","type":"page","link":"https:\/\/nuitnoirestudio.com\/index.php\/accueil-2\/","title":{"rendered":"Accueil"},"content":{"rendered":"<section class=\"wpb-content-wrapper\">[vc_row css_id=&#8221;apropos&#8221;][vc_column css=&#8221;.vc_custom_1693336145387{margin-bottom: 20px !important;}&#8221;][vc_row_inner][vc_column_inner width=&#8221;4\/12&#8243;][wr_vc_titles2 text_align=&#8221;text-left&#8221; title_style=&#8221;headline-s&#8221;][wr_vc_title2 title=&#8221;A propos&#8221; title_color=&#8221;text-color-red&#8221;][\/wr_vc_titles2][\/vc_column_inner][vc_column_inner width=&#8221;2\/3&#8243;]<div  class=\"body-text-s text-color-0 text-left pull-left anim-text-reveal tr-delay-00 js-scrollanim\" >Notre bureau d&#8217;\u00e9tudes ind\u00e9pendant vous accompagne dans la mise en lumi\u00e8re de vos projets d&#8217;am\u00e9nagement, en alliant expertise technique et sensibilit\u00e9 artistique. Nous recherchons la solution la plus adapt\u00e9e aux sp\u00e9cificit\u00e9s de votre projet, que ce soit d&#8217;un point de vue technique, esth\u00e9tique et\/ou financier.<\/p>\n<p>Nos domaines d&#8217;intervention englobent les infrastructures de mobilit\u00e9, les espaces publics, les b\u00e2timents industriels et tertiaires, les espaces de vente, les lieux de vie, etc.<\/p>\n<p>Le c\u0153ur de notre d\u00e9marche est la recherche d\u2019un \u00e9clairage raisonn\u00e9, respectueux des besoins des usagers et de l&#8217;environnement.<\/p>\n<p>Structure \u00e0 taille humaine, nous privil\u00e9gions la proximit\u00e9 et les relations de confiance avec nos clients et partenaires.<\/div>[\/vc_column_inner][\/vc_row_inner][\/vc_column][\/vc_row][vc_row css_id=&#8221;prestations&#8221; enable_container=&#8221;st3&#8243; section_back_opt=&#8221;section-bg-black&#8221; sec_text_color_opt=&#8221;text-color-white&#8221;][vc_column][wr_vc_titles title_style=&#8221;headline-m&#8221; title_color=&#8221;text-color-white&#8221;][wr_vc_title title=&#8221;Nos `{`span`}`prestations`{`\/span`}`&#8221; animation_delay=&#8221;00&#8243;][\/wr_vc_titles][\/vc_column][\/vc_row][vc_row section_back_opt=&#8221;section-bg-black&#8221; sec_text_color_opt=&#8221;text-color-white&#8221; row_padding_top=&#8221;padding-top-60&#8243; row_padding_bottom=&#8221;padding-bottom-90&#8243;][vc_column width=&#8221;1\/2&#8243;]<img decoding=\"async\" src=\"https:\/\/nuitnoirestudio.com\/wp-content\/uploads\/2023\/07\/ecran-visuel-etude-fausses-couleurs.jpg\" alt=\"\u00e9cran-visuel-\u00e9tude-fausses-couleurs\">[\/vc_column][vc_column width=&#8221;1\/2&#8243; el_id=&#8221;services&#8221;]<div  class=\"body-text-s text-color-0 text-left pull-left anim-text-reveal tr-delay- js-scrollanim\" >\u2022 Conseil et accompagnement<br \/>\n\u2022 Audit des installations existantes (diagnostic sur site)<br \/>\n\u2022 Cahiers de prescriptions<br \/>\n\u2022 \u00c9tudes photom\u00e9triques sur logiciel DIALux evo<br \/>\n\u2022 Mise en plan<br \/>\n\u2022 Infographie<br \/>\n\u2022 Conception lumi\u00e8re fonctionnelle &amp; sensible<br \/>\n\u2022 Essais et r\u00e9glages sur site<\/div>[wr_vc_button button_style=&#8221;st3&#8243; button_text=&#8221;Contactez-nous&#8221; button_url=&#8221;#&#8221; animation_delay=&#8221;02&#8243; button_target=&#8221;_blank&#8221;][\/vc_column][\/vc_row]\n<\/section>","protected":false},"excerpt":{"rendered":"<p>[vc_row css_id=&#8221;apropos&#8221;][vc_column css=&#8221;.vc_custom_1693336145387{margin-bottom: 20px !important;}&#8221;][vc_row_inner][vc_column_inner width=&#8221;4\/12&#8243;][wr_vc_titles2 text_align=&#8221;text-left&#8221; title_style=&#8221;headline-s&#8221;][wr_vc_title2 title=&#8221;A propos&#8221; title_color=&#8221;text-color-red&#8221;][\/wr_vc_titles2][\/vc_column_inner][vc_column_inner width=&#8221;2\/3&#8243;][\/vc_column_inner][\/vc_row_inner][\/vc_column][\/vc_row][vc_row css_id=&#8221;prestations&#8221; enable_container=&#8221;st3&#8243; section_back_opt=&#8221;section-bg-black&#8221; sec_text_color_opt=&#8221;text-color-white&#8221;][vc_column][wr_vc_titles title_style=&#8221;headline-m&#8221; title_color=&#8221;text-color-white&#8221;][wr_vc_title title=&#8221;Nos `{`span`}`prestations`{`\/span`}`&#8221; animation_delay=&#8221;00&#8243;][\/wr_vc_titles][\/vc_column][\/vc_row][vc_row section_back_opt=&#8221;section-bg-black&#8221;&#8230;<\/p>\n","protected":false},"author":1,"featured_media":1404,"parent":0,"menu_order":0,"comment_status":"closed","ping_status":"closed","template":"","meta":{"footnotes":""},"class_list":["post-1612","page","type-page","status-publish","has-post-thumbnail","hentry"],"yoast_head":"<!-- This site is optimized with the Yoast SEO plugin v27.3 - https:\/\/yoast.com\/product\/yoast-seo-wordpress\/ -->\n<title>Accueil - Nuit Noire Studio<\/title>\n<meta name=\"description\" content=\"Nuit Noire Studio - bureau d&#039;\u00e9tudes sp\u00e9cialis\u00e9 en ing\u00e9nierie de l&#039;\u00e9clairage et conception lumi\u00e8re.\" \/>\n<meta name=\"robots\" content=\"index, follow, max-snippet:-1, max-image-preview:large, max-video-preview:-1\" \/>\n<link rel=\"canonical\" href=\"https:\/\/nuitnoirestudio.com\/index.php\/accueil-2\/\" \/>\n<meta property=\"og:locale\" content=\"fr_FR\" \/>\n<meta property=\"og:type\" content=\"article\" \/>\n<meta property=\"og:title\" content=\"Accueil - Nuit Noire Studio\" \/>\n<meta property=\"og:description\" content=\"Nuit Noire Studio - bureau d&#039;\u00e9tudes sp\u00e9cialis\u00e9 en ing\u00e9nierie de l&#039;\u00e9clairage et conception lumi\u00e8re.\" \/>\n<meta property=\"og:url\" content=\"https:\/\/nuitnoirestudio.com\/index.php\/accueil-2\/\" \/>\n<meta property=\"og:site_name\" content=\"Nuit Noire Studio\" \/>\n<meta property=\"article:modified_time\" content=\"2026-04-07T11:01:07+00:00\" \/>\n<meta name=\"twitter:card\" content=\"summary_large_image\" \/>\n<meta name=\"twitter:image\" content=\"https:\/\/nuitnoirestudio.com\/wp-content\/uploads\/2023\/07\/image-feuille-clair-obscur-1920-1280.jpg\" \/>\n<meta name=\"twitter:label1\" content=\"Dur\u00e9e de lecture estim\u00e9e\" \/>\n\t<meta name=\"twitter:data1\" content=\"2 minutes\" \/>\n<script type=\"application\/ld+json\" class=\"yoast-schema-graph\">{\"@context\":\"https:\\\/\\\/schema.org\",\"@graph\":[{\"@type\":\"WebPage\",\"@id\":\"https:\\\/\\\/nuitnoirestudio.com\\\/index.php\\\/accueil-2\\\/\",\"url\":\"https:\\\/\\\/nuitnoirestudio.com\\\/index.php\\\/accueil-2\\\/\",\"name\":\"Accueil - Nuit Noire Studio\",\"isPartOf\":{\"@id\":\"https:\\\/\\\/nuitnoirestudio.com\\\/#website\"},\"primaryImageOfPage\":{\"@id\":\"https:\\\/\\\/nuitnoirestudio.com\\\/index.php\\\/accueil-2\\\/#primaryimage\"},\"image\":{\"@id\":\"https:\\\/\\\/nuitnoirestudio.com\\\/index.php\\\/accueil-2\\\/#primaryimage\"},\"thumbnailUrl\":\"https:\\\/\\\/nuitnoirestudio.com\\\/wp-content\\\/uploads\\\/2023\\\/07\\\/image-feuille-clair-obscur-1920-1280.jpg\",\"datePublished\":\"2026-04-07T11:00:05+00:00\",\"dateModified\":\"2026-04-07T11:01:07+00:00\",\"description\":\"Nuit Noire Studio - bureau d'\u00e9tudes sp\u00e9cialis\u00e9 en ing\u00e9nierie de l'\u00e9clairage et conception lumi\u00e8re.\",\"breadcrumb\":{\"@id\":\"https:\\\/\\\/nuitnoirestudio.com\\\/index.php\\\/accueil-2\\\/#breadcrumb\"},\"inLanguage\":\"fr-FR\",\"potentialAction\":[{\"@type\":\"ReadAction\",\"target\":[\"https:\\\/\\\/nuitnoirestudio.com\\\/index.php\\\/accueil-2\\\/\"]}]},{\"@type\":\"ImageObject\",\"inLanguage\":\"fr-FR\",\"@id\":\"https:\\\/\\\/nuitnoirestudio.com\\\/index.php\\\/accueil-2\\\/#primaryimage\",\"url\":\"https:\\\/\\\/nuitnoirestudio.com\\\/wp-content\\\/uploads\\\/2023\\\/07\\\/image-feuille-clair-obscur-1920-1280.jpg\",\"contentUrl\":\"https:\\\/\\\/nuitnoirestudio.com\\\/wp-content\\\/uploads\\\/2023\\\/07\\\/image-feuille-clair-obscur-1920-1280.jpg\",\"width\":1920,\"height\":1280,\"caption\":\"Photo en clair-obscur d'une feuille\"},{\"@type\":\"BreadcrumbList\",\"@id\":\"https:\\\/\\\/nuitnoirestudio.com\\\/index.php\\\/accueil-2\\\/#breadcrumb\",\"itemListElement\":[{\"@type\":\"ListItem\",\"position\":1,\"name\":\"Accueil\",\"item\":\"https:\\\/\\\/nuitnoirestudio.com\\\/\"},{\"@type\":\"ListItem\",\"position\":2,\"name\":\"Accueil\"}]},{\"@type\":\"WebSite\",\"@id\":\"https:\\\/\\\/nuitnoirestudio.com\\\/#website\",\"url\":\"https:\\\/\\\/nuitnoirestudio.com\\\/\",\"name\":\"Nuit Noire Studio\",\"description\":\"\",\"publisher\":{\"@id\":\"https:\\\/\\\/nuitnoirestudio.com\\\/#organization\"},\"potentialAction\":[{\"@type\":\"SearchAction\",\"target\":{\"@type\":\"EntryPoint\",\"urlTemplate\":\"https:\\\/\\\/nuitnoirestudio.com\\\/?s={search_term_string}\"},\"query-input\":{\"@type\":\"PropertyValueSpecification\",\"valueRequired\":true,\"valueName\":\"search_term_string\"}}],\"inLanguage\":\"fr-FR\"},{\"@type\":\"Organization\",\"@id\":\"https:\\\/\\\/nuitnoirestudio.com\\\/#organization\",\"name\":\"Nuit Noire Studio\",\"url\":\"https:\\\/\\\/nuitnoirestudio.com\\\/\",\"logo\":{\"@type\":\"ImageObject\",\"inLanguage\":\"fr-FR\",\"@id\":\"https:\\\/\\\/nuitnoirestudio.com\\\/#\\\/schema\\\/logo\\\/image\\\/\",\"url\":\"https:\\\/\\\/nuitnoirestudio.com\\\/wp-content\\\/uploads\\\/2023\\\/07\\\/Nuit-Noire-Studio-logo-cercle-150pp-741px-1.png\",\"contentUrl\":\"https:\\\/\\\/nuitnoirestudio.com\\\/wp-content\\\/uploads\\\/2023\\\/07\\\/Nuit-Noire-Studio-logo-cercle-150pp-741px-1.png\",\"width\":741,\"height\":741,\"caption\":\"Nuit Noire Studio\"},\"image\":{\"@id\":\"https:\\\/\\\/nuitnoirestudio.com\\\/#\\\/schema\\\/logo\\\/image\\\/\"},\"sameAs\":[\"https:\\\/\\\/www.instagram.com\\\/nuit_noire_studio\\\/\"]}]}<\/script>\n<!-- \/ Yoast SEO plugin. -->","yoast_head_json":{"title":"Accueil - Nuit Noire Studio","description":"Nuit Noire Studio - bureau d'\u00e9tudes sp\u00e9cialis\u00e9 en ing\u00e9nierie de l'\u00e9clairage et conception lumi\u00e8re.","robots":{"index":"index","follow":"follow","max-snippet":"max-snippet:-1","max-image-preview":"max-image-preview:large","max-video-preview":"max-video-preview:-1"},"canonical":"https:\/\/nuitnoirestudio.com\/index.php\/accueil-2\/","og_locale":"fr_FR","og_type":"article","og_title":"Accueil - Nuit Noire Studio","og_description":"Nuit Noire Studio - bureau d'\u00e9tudes sp\u00e9cialis\u00e9 en ing\u00e9nierie de l'\u00e9clairage et conception lumi\u00e8re.","og_url":"https:\/\/nuitnoirestudio.com\/index.php\/accueil-2\/","og_site_name":"Nuit Noire Studio","article_modified_time":"2026-04-07T11:01:07+00:00","twitter_card":"summary_large_image","twitter_image":"https:\/\/nuitnoirestudio.com\/wp-content\/uploads\/2023\/07\/image-feuille-clair-obscur-1920-1280.jpg","twitter_misc":{"Dur\u00e9e de lecture estim\u00e9e":"2 minutes"},"schema":{"@context":"https:\/\/schema.org","@graph":[{"@type":"WebPage","@id":"https:\/\/nuitnoirestudio.com\/index.php\/accueil-2\/","url":"https:\/\/nuitnoirestudio.com\/index.php\/accueil-2\/","name":"Accueil - Nuit Noire Studio","isPartOf":{"@id":"https:\/\/nuitnoirestudio.com\/#website"},"primaryImageOfPage":{"@id":"https:\/\/nuitnoirestudio.com\/index.php\/accueil-2\/#primaryimage"},"image":{"@id":"https:\/\/nuitnoirestudio.com\/index.php\/accueil-2\/#primaryimage"},"thumbnailUrl":"https:\/\/nuitnoirestudio.com\/wp-content\/uploads\/2023\/07\/image-feuille-clair-obscur-1920-1280.jpg","datePublished":"2026-04-07T11:00:05+00:00","dateModified":"2026-04-07T11:01:07+00:00","description":"Nuit Noire Studio - bureau d'\u00e9tudes sp\u00e9cialis\u00e9 en ing\u00e9nierie de l'\u00e9clairage et conception lumi\u00e8re.","breadcrumb":{"@id":"https:\/\/nuitnoirestudio.com\/index.php\/accueil-2\/#breadcrumb"},"inLanguage":"fr-FR","potentialAction":[{"@type":"ReadAction","target":["https:\/\/nuitnoirestudio.com\/index.php\/accueil-2\/"]}]},{"@type":"ImageObject","inLanguage":"fr-FR","@id":"https:\/\/nuitnoirestudio.com\/index.php\/accueil-2\/#primaryimage","url":"https:\/\/nuitnoirestudio.com\/wp-content\/uploads\/2023\/07\/image-feuille-clair-obscur-1920-1280.jpg","contentUrl":"https:\/\/nuitnoirestudio.com\/wp-content\/uploads\/2023\/07\/image-feuille-clair-obscur-1920-1280.jpg","width":1920,"height":1280,"caption":"Photo en clair-obscur d'une feuille"},{"@type":"BreadcrumbList","@id":"https:\/\/nuitnoirestudio.com\/index.php\/accueil-2\/#breadcrumb","itemListElement":[{"@type":"ListItem","position":1,"name":"Accueil","item":"https:\/\/nuitnoirestudio.com\/"},{"@type":"ListItem","position":2,"name":"Accueil"}]},{"@type":"WebSite","@id":"https:\/\/nuitnoirestudio.com\/#website","url":"https:\/\/nuitnoirestudio.com\/","name":"Nuit Noire Studio","description":"","publisher":{"@id":"https:\/\/nuitnoirestudio.com\/#organization"},"potentialAction":[{"@type":"SearchAction","target":{"@type":"EntryPoint","urlTemplate":"https:\/\/nuitnoirestudio.com\/?s={search_term_string}"},"query-input":{"@type":"PropertyValueSpecification","valueRequired":true,"valueName":"search_term_string"}}],"inLanguage":"fr-FR"},{"@type":"Organization","@id":"https:\/\/nuitnoirestudio.com\/#organization","name":"Nuit Noire Studio","url":"https:\/\/nuitnoirestudio.com\/","logo":{"@type":"ImageObject","inLanguage":"fr-FR","@id":"https:\/\/nuitnoirestudio.com\/#\/schema\/logo\/image\/","url":"https:\/\/nuitnoirestudio.com\/wp-content\/uploads\/2023\/07\/Nuit-Noire-Studio-logo-cercle-150pp-741px-1.png","contentUrl":"https:\/\/nuitnoirestudio.com\/wp-content\/uploads\/2023\/07\/Nuit-Noire-Studio-logo-cercle-150pp-741px-1.png","width":741,"height":741,"caption":"Nuit Noire Studio"},"image":{"@id":"https:\/\/nuitnoirestudio.com\/#\/schema\/logo\/image\/"},"sameAs":["https:\/\/www.instagram.com\/nuit_noire_studio\/"]}]}},"_links":{"self":[{"href":"https:\/\/nuitnoirestudio.com\/index.php\/wp-json\/wp\/v2\/pages\/1612","targetHints":{"allow":["GET"]}}],"collection":[{"href":"https:\/\/nuitnoirestudio.com\/index.php\/wp-json\/wp\/v2\/pages"}],"about":[{"href":"https:\/\/nuitnoirestudio.com\/index.php\/wp-json\/wp\/v2\/types\/page"}],"author":[{"embeddable":true,"href":"https:\/\/nuitnoirestudio.com\/index.php\/wp-json\/wp\/v2\/users\/1"}],"replies":[{"embeddable":true,"href":"https:\/\/nuitnoirestudio.com\/index.php\/wp-json\/wp\/v2\/comments?post=1612"}],"version-history":[{"count":1,"href":"https:\/\/nuitnoirestudio.com\/index.php\/wp-json\/wp\/v2\/pages\/1612\/revisions"}],"predecessor-version":[{"id":1631,"href":"https:\/\/nuitnoirestudio.com\/index.php\/wp-json\/wp\/v2\/pages\/1612\/revisions\/1631"}],"wp:featuredmedia":[{"embeddable":true,"href":"https:\/\/nuitnoirestudio.com\/index.php\/wp-json\/wp\/v2\/media\/1404"}],"wp:attachment":[{"href":"https:\/\/nuitnoirestudio.com\/index.php\/wp-json\/wp\/v2\/media?parent=1612"}],"curies":[{"name":"wp","href":"https:\/\/api.w.org\/{rel}","templated":true}]}}